{"id":132,"date":"2018-10-05T12:43:23","date_gmt":"2018-10-05T12:43:23","guid":{"rendered":"https:\/\/demosites.io\/neve\/?post_type=product&amp;p=132"},"modified":"2018-10-05T12:43:23","modified_gmt":"2018-10-05T12:43:23","slug":"kiwi-and-strawberry-smoothie","status":"publish","type":"product","link":"https:\/\/le-lotus-aux-7-lumieres.fr\/index.php\/produit\/kiwi-and-strawberry-smoothie\/","title":{"rendered":"Kiwi and Strawberry Smoothie"},"content":{"rendered":"","protected":false},"excerpt":{"rendered":"<p>Kiwifruit (often abbreviated as kiwi), or Chinese gooseberry is the edible berry of several species of woody vines in the genus Actinidia.<\/p>\n","protected":false},"featured_media":225,"comment_status":"open","ping_status":"closed","template":"","meta":{"neve_meta_sidebar":"","neve_meta_container":"","neve_meta_enable_content_width":"","neve_meta_content_width":0,"neve_meta_title_alignment":"","neve_meta_author_avatar":"","neve_post_elements_order":"","neve_meta_disable_header":"","neve_meta_disable_footer":"","neve_meta_disable_title":"","_themeisle_gutenberg_block_has_review":false,"_ti_tpc_template_sync":false,"_ti_tpc_template_id":""},"product_cat":[65],"product_tag":[62,67,77],"class_list":["post-132","product","type-product","status-publish","has-post-thumbnail","hentry","product_cat-fruits-smoothies","product_tag-fresh","product_tag-kiwi","product_tag-strawberry"],"yoast_head":"<!-- This site is optimized with the Yoast SEO plugin v20.3 - https:\/\/yoast.com\/wordpress\/plugins\/seo\/ -->\n<title>Kiwi and Strawberry Smoothie - Le Lotus aux 7 Lumi\u00e8res<\/title>\n<meta name=\"robots\" content=\"index, follow, max-snippet:-1, max-image-preview:large, max-video-preview:-1\" \/>\n<link rel=\"canonical\" href=\"https:\/\/le-lotus-aux-7-lumieres.fr\/index.php\/produit\/kiwi-and-strawberry-smoothie\/\" \/>\n<meta property=\"og:locale\" content=\"fr_FR\" \/>\n<meta property=\"og:type\" content=\"article\" \/>\n<meta property=\"og:title\" content=\"Kiwi and Strawberry Smoothie - Le Lotus aux 7 Lumi\u00e8res\" \/>\n<meta property=\"og:description\" content=\"Kiwifruit (often abbreviated as kiwi), or Chinese gooseberry is the edible berry of several species of woody vines in the genus Actinidia.\" \/>\n<meta property=\"og:url\" content=\"https:\/\/le-lotus-aux-7-lumieres.fr\/index.php\/produit\/kiwi-and-strawberry-smoothie\/\" \/>\n<meta property=\"og:site_name\" content=\"Le Lotus aux 7 Lumi\u00e8res\" \/>\n<meta property=\"og:image\" content=\"https:\/\/le-lotus-aux-7-lumieres.fr\/wp-content\/uploads\/2018\/10\/kiwi-strawberry-smoothie1.jpg\" \/>\n\t<meta property=\"og:image:width\" content=\"800\" \/>\n\t<meta property=\"og:image:height\" content=\"800\" \/>\n\t<meta property=\"og:image:type\" content=\"image\/jpeg\" \/>\n<meta name=\"twitter:card\" content=\"summary_large_image\" \/>\n<script type=\"application\/ld+json\" class=\"yoast-schema-graph\">{\"@context\":\"https:\/\/schema.org\",\"@graph\":[{\"@type\":\"WebPage\",\"@id\":\"https:\/\/le-lotus-aux-7-lumieres.fr\/index.php\/produit\/kiwi-and-strawberry-smoothie\/\",\"url\":\"https:\/\/le-lotus-aux-7-lumieres.fr\/index.php\/produit\/kiwi-and-strawberry-smoothie\/\",\"name\":\"Kiwi and Strawberry Smoothie - Le Lotus aux 7 Lumi\u00e8res\",\"isPartOf\":{\"@id\":\"https:\/\/le-lotus-aux-7-lumieres.fr\/#website\"},\"datePublished\":\"2018-10-05T12:43:23+00:00\",\"dateModified\":\"2018-10-05T12:43:23+00:00\",\"breadcrumb\":{\"@id\":\"https:\/\/le-lotus-aux-7-lumieres.fr\/index.php\/produit\/kiwi-and-strawberry-smoothie\/#breadcrumb\"},\"inLanguage\":\"fr-FR\",\"potentialAction\":[{\"@type\":\"ReadAction\",\"target\":[\"https:\/\/le-lotus-aux-7-lumieres.fr\/index.php\/produit\/kiwi-and-strawberry-smoothie\/\"]}]},{\"@type\":\"BreadcrumbList\",\"@id\":\"https:\/\/le-lotus-aux-7-lumieres.fr\/index.php\/produit\/kiwi-and-strawberry-smoothie\/#breadcrumb\",\"itemListElement\":[{\"@type\":\"ListItem\",\"position\":1,\"name\":\"Accueil\",\"item\":\"https:\/\/le-lotus-aux-7-lumieres.fr\/\"},{\"@type\":\"ListItem\",\"position\":2,\"name\":\"Products\",\"item\":\"https:\/\/le-lotus-aux-7-lumieres.fr\/index.php\/shop\/\"},{\"@type\":\"ListItem\",\"position\":3,\"name\":\"Kiwi and Strawberry Smoothie\"}]},{\"@type\":\"WebSite\",\"@id\":\"https:\/\/le-lotus-aux-7-lumieres.fr\/#website\",\"url\":\"https:\/\/le-lotus-aux-7-lumieres.fr\/\",\"name\":\"Le Lotus aux 7 Lumi\u00e8res\",\"description\":\"Massage &amp; R\u00e9flexologie, un moment de d\u00e9tente s&#039;offre \u00e0 vous !\",\"potentialAction\":[{\"@type\":\"SearchAction\",\"target\":{\"@type\":\"EntryPoint\",\"urlTemplate\":\"https:\/\/le-lotus-aux-7-lumieres.fr\/?s={search_term_string}\"},\"query-input\":\"required name=search_term_string\"}],\"inLanguage\":\"fr-FR\"}]}<\/script>\n<!-- \/ Yoast SEO plugin. -->","yoast_head_json":{"title":"Kiwi and Strawberry Smoothie - Le Lotus aux 7 Lumi\u00e8res","robots":{"index":"index","follow":"follow","max-snippet":"max-snippet:-1","max-image-preview":"max-image-preview:large","max-video-preview":"max-video-preview:-1"},"canonical":"https:\/\/le-lotus-aux-7-lumieres.fr\/index.php\/produit\/kiwi-and-strawberry-smoothie\/","og_locale":"fr_FR","og_type":"article","og_title":"Kiwi and Strawberry Smoothie - Le Lotus aux 7 Lumi\u00e8res","og_description":"Kiwifruit (often abbreviated as kiwi), or Chinese gooseberry is the edible berry of several species of woody vines in the genus Actinidia.","og_url":"https:\/\/le-lotus-aux-7-lumieres.fr\/index.php\/produit\/kiwi-and-strawberry-smoothie\/","og_site_name":"Le Lotus aux 7 Lumi\u00e8res","og_image":[{"width":800,"height":800,"url":"https:\/\/le-lotus-aux-7-lumieres.fr\/wp-content\/uploads\/2018\/10\/kiwi-strawberry-smoothie1.jpg","type":"image\/jpeg"}],"twitter_card":"summary_large_image","schema":{"@context":"https:\/\/schema.org","@graph":[{"@type":"WebPage","@id":"https:\/\/le-lotus-aux-7-lumieres.fr\/index.php\/produit\/kiwi-and-strawberry-smoothie\/","url":"https:\/\/le-lotus-aux-7-lumieres.fr\/index.php\/produit\/kiwi-and-strawberry-smoothie\/","name":"Kiwi and Strawberry Smoothie - Le Lotus aux 7 Lumi\u00e8res","isPartOf":{"@id":"https:\/\/le-lotus-aux-7-lumieres.fr\/#website"},"datePublished":"2018-10-05T12:43:23+00:00","dateModified":"2018-10-05T12:43:23+00:00","breadcrumb":{"@id":"https:\/\/le-lotus-aux-7-lumieres.fr\/index.php\/produit\/kiwi-and-strawberry-smoothie\/#breadcrumb"},"inLanguage":"fr-FR","potentialAction":[{"@type":"ReadAction","target":["https:\/\/le-lotus-aux-7-lumieres.fr\/index.php\/produit\/kiwi-and-strawberry-smoothie\/"]}]},{"@type":"BreadcrumbList","@id":"https:\/\/le-lotus-aux-7-lumieres.fr\/index.php\/produit\/kiwi-and-strawberry-smoothie\/#breadcrumb","itemListElement":[{"@type":"ListItem","position":1,"name":"Accueil","item":"https:\/\/le-lotus-aux-7-lumieres.fr\/"},{"@type":"ListItem","position":2,"name":"Products","item":"https:\/\/le-lotus-aux-7-lumieres.fr\/index.php\/shop\/"},{"@type":"ListItem","position":3,"name":"Kiwi and Strawberry Smoothie"}]},{"@type":"WebSite","@id":"https:\/\/le-lotus-aux-7-lumieres.fr\/#website","url":"https:\/\/le-lotus-aux-7-lumieres.fr\/","name":"Le Lotus aux 7 Lumi\u00e8res","description":"Massage &amp; R\u00e9flexologie, un moment de d\u00e9tente s&#039;offre \u00e0 vous !","potentialAction":[{"@type":"SearchAction","target":{"@type":"EntryPoint","urlTemplate":"https:\/\/le-lotus-aux-7-lumieres.fr\/?s={search_term_string}"},"query-input":"required name=search_term_string"}],"inLanguage":"fr-FR"}]}},"_links":{"self":[{"href":"https:\/\/le-lotus-aux-7-lumieres.fr\/index.php\/wp-json\/wp\/v2\/product\/132","targetHints":{"allow":["GET"]}}],"collection":[{"href":"https:\/\/le-lotus-aux-7-lumieres.fr\/index.php\/wp-json\/wp\/v2\/product"}],"about":[{"href":"https:\/\/le-lotus-aux-7-lumieres.fr\/index.php\/wp-json\/wp\/v2\/types\/product"}],"replies":[{"embeddable":true,"href":"https:\/\/le-lotus-aux-7-lumieres.fr\/index.php\/wp-json\/wp\/v2\/comments?post=132"}],"wp:featuredmedia":[{"embeddable":true,"href":"https:\/\/le-lotus-aux-7-lumieres.fr\/index.php\/wp-json\/wp\/v2\/media\/225"}],"wp:attachment":[{"href":"https:\/\/le-lotus-aux-7-lumieres.fr\/index.php\/wp-json\/wp\/v2\/media?parent=132"}],"wp:term":[{"taxonomy":"product_cat","embeddable":true,"href":"https:\/\/le-lotus-aux-7-lumieres.fr\/index.php\/wp-json\/wp\/v2\/product_cat?post=132"},{"taxonomy":"product_tag","embeddable":true,"href":"https:\/\/le-lotus-aux-7-lumieres.fr\/index.php\/wp-json\/wp\/v2\/product_tag?post=132"}],"curies":[{"name":"wp","href":"https:\/\/api.w.org\/{rel}","templated":true}]}}